{"id":73,"date":"2025-07-15T10:46:55","date_gmt":"2025-07-15T10:46:55","guid":{"rendered":"https:\/\/dervagenbond.de\/?page_id=73"},"modified":"2026-03-20T11:17:35","modified_gmt":"2026-03-20T11:17:35","slug":"grand-cafe-der-vagenbond","status":"publish","type":"page","link":"https:\/\/dervagenbond.de\/","title":{"rendered":"Home"},"content":{"rendered":"\t\t<div data-elementor-type=\"wp-page\" data-elementor-id=\"73\" class=\"elementor elementor-73\">\n\t\t\t\t<div class=\"elementor-element elementor-element-a63f998 e-flex e-con-boxed e-con e-parent\" data-id=\"a63f998\" data-element_type=\"container\" data-e-type=\"container\">\n\t\t\t\t\t<div class=\"e-con-inner\">\n\t\t<div class=\"elementor-element elementor-element-94c3d9a e-con-full e-flex e-con e-child\" data-id=\"94c3d9a\" data-element_type=\"container\" data-e-type=\"container\">\n\t\t\t\t<div class=\"elementor-element elementor-element-057829c elementor-hidden-mobile elementor-widget elementor-widget-image\" data-id=\"057829c\" data-element_type=\"widget\" data-e-type=\"widget\" data-widget_type=\"image.default\">\n\t\t\t\t\t\t\t\t\t\t\t\t\t\t\t<img fetchpriority=\"high\" decoding=\"async\" width=\"272\" height=\"1024\" src=\"https:\/\/dervagenbond.de\/wp-content\/uploads\/2025\/07\/cropped-logo_vagenbond-scaled-1-272x1024.png\" class=\"attachment-large size-large wp-image-68\" alt=\"\" srcset=\"https:\/\/dervagenbond.de\/wp-content\/uploads\/2025\/07\/cropped-logo_vagenbond-scaled-1-272x1024.png 272w, https:\/\/dervagenbond.de\/wp-content\/uploads\/2025\/07\/cropped-logo_vagenbond-scaled-1-80x300.png 80w\" sizes=\"(max-width: 272px) 100vw, 272px\" \/>\t\t\t\t\t\t\t\t\t\t\t\t\t\t\t<\/div>\n\t\t\t\t<\/div>\n\t\t<div class=\"elementor-element elementor-element-3522527 e-con-full e-flex e-con e-child\" data-id=\"3522527\" data-element_type=\"container\" data-e-type=\"container\">\n\t\t\t\t<div class=\"elementor-element elementor-element-718adaa elementor-widget elementor-widget-text-editor\" data-id=\"718adaa\" data-element_type=\"widget\" data-e-type=\"widget\" data-widget_type=\"text-editor.default\">\n\t\t\t\t\t\t\t\t\t<h4 data-start=\"163\" data-end=\"178\"><strong data-start=\"163\" data-end=\"178\">Willkommen!<\/strong><\/h4>\n<p data-start=\"180\" data-end=\"376\">Wir freuen uns, Sie als Gast in unserem Hause auf eine kulinarische Reise durch die traditionelle deutsche und holl\u00e4ndische K\u00fcche sowie in die koloniale indonesische Kochkunst begleiten zu d\u00fcrfen.<\/p>\n<p data-start=\"378\" data-end=\"799\">Unser Anspruch an die Qualit\u00e4t unserer Speisen ist hoch. So verwenden wir nach M\u00f6glichkeit ausschlie\u00dflich frische, saisonale Gem\u00fcse und Salate. Unser Fleisch beziehen wir nur von ausgew\u00e4hlten Metzgern unseres Vertrauens. Alle Speisen werden in Eigenregie mit einer Vielzahl frischer Gew\u00fcrze und Kr\u00e4uter zubereitet. Unsere beliebten holl\u00e4ndischen Pommes frites werden schonend in stets frischem, hochwertigem \u00d6l frittiert.<\/p>\n<p data-start=\"801\" data-end=\"1010\">Bitte betrachten Sie unsere Speisekarte als Inspiration. Sollten Sie besondere W\u00fcnsche haben, die Sie dort nicht finden, sprechen Sie uns gern an \u2013 wir sind stets bem\u00fcht, auch individuelle W\u00fcnsche zu erf\u00fcllen.<\/p>\n<p data-start=\"1012\" data-end=\"1227\">Unsere Bar l\u00e4dt Sie ein, in geselliger Runde gem\u00fctlich zu verweilen. Genie\u00dfen Sie unser Angebot frisch gezapfter Biere vom Fass: Warsteiner, Frankenheim Alt, Paderborner Pilger, K\u00f6nig Ludwig Dunkel oder Pater Linus.<\/p>\n<p data-start=\"1229\" data-end=\"1435\">F\u00fcr besondere Anl\u00e4sse wie Hochzeiten, Geburtstage, Betriebsfeiern oder Besprechungen stellen wir Ihnen gern unsere R\u00e4umlichkeiten sowie unsere Erfahrung in der Ausrichtung von Veranstaltungen zur Verf\u00fcgung.<\/p>\n<p data-start=\"1437\" data-end=\"1527\">Und nun w\u00fcnschen wir Ihnen eine sch\u00f6ne Zeit bei uns und lassen Sie sich von uns verw\u00f6hnen.<\/p>\t\t\t\t\t\t\t\t<\/div>\n\t\t\t\t<\/div>\n\t\t\t\t\t<\/div>\n\t\t\t\t<\/div>\n\t\t<div class=\"elementor-element elementor-element-f65dd93 e-flex e-con-boxed e-con e-parent\" data-id=\"f65dd93\" data-element_type=\"container\" data-e-type=\"container\">\n\t\t\t\t\t<div class=\"e-con-inner\">\n\t\t\t\t<div class=\"elementor-element elementor-element-9cb864c elementor-widget elementor-widget-spacer\" data-id=\"9cb864c\" data-element_type=\"widget\" data-e-type=\"widget\" data-widget_type=\"spacer.default\">\n\t\t\t\t\t\t\t<div class=\"elementor-spacer\">\n\t\t\t<div class=\"elementor-spacer-inner\"><\/div>\n\t\t<\/div>\n\t\t\t\t\t\t<\/div>\n\t\t\t\t\t<\/div>\n\t\t\t\t<\/div>\n\t\t<div class=\"elementor-element elementor-element-a74eed8 e-flex e-con-boxed e-con e-parent\" data-id=\"a74eed8\" data-element_type=\"container\" data-e-type=\"container\">\n\t\t\t\t\t<div class=\"e-con-inner\">\n\t\t\t\t<div class=\"elementor-element elementor-element-493f833 elementor-widget elementor-widget-shortcode\" data-id=\"493f833\" data-element_type=\"widget\" data-e-type=\"widget\" data-widget_type=\"shortcode.default\">\n\t\t\t\t\t\t\t<div class=\"elementor-shortcode\"> <\/div>\n\t\t\t\t\t\t<\/div>\n\t\t\t\t\t<\/div>\n\t\t\t\t<\/div>\n\t\t<div class=\"elementor-element elementor-element-60647db e-flex e-con-boxed e-con e-parent\" data-id=\"60647db\" data-element_type=\"container\" data-e-type=\"container\">\n\t\t\t\t\t<div class=\"e-con-inner\">\n\t\t<div class=\"elementor-element elementor-element-a32102d e-con-full e-flex e-con e-child\" data-id=\"a32102d\" data-element_type=\"container\" data-e-type=\"container\">\n\t\t\t\t<div class=\"elementor-element elementor-element-34cd9c2 elementor-widget elementor-widget-google_maps\" data-id=\"34cd9c2\" data-element_type=\"widget\" data-e-type=\"widget\" data-widget_type=\"google_maps.default\">\n\t\t\t\t\t\t\t<div class=\"elementor-custom-embed\">\n\t\t\t<iframe loading=\"lazy\"\n\t\t\t\t\tsrc=\"https:\/\/maps.google.com\/maps?q=Zur%20Altenauquelle%2030%2C%2033165%20Lichtenau%2C%20Duitsland&#038;t=m&#038;z=10&#038;output=embed&#038;iwloc=near\"\n\t\t\t\t\ttitle=\"Zur Altenauquelle 30, 33165 Lichtenau, Duitsland\"\n\t\t\t\t\taria-label=\"Zur Altenauquelle 30, 33165 Lichtenau, Duitsland\"\n\t\t\t><\/iframe>\n\t\t<\/div>\n\t\t\t\t\t\t<\/div>\n\t\t\t\t<\/div>\n\t\t<div class=\"elementor-element elementor-element-aa04545 e-con-full e-flex e-con e-child\" data-id=\"aa04545\" data-element_type=\"container\" data-e-type=\"container\">\n\t\t\t\t<div class=\"elementor-element elementor-element-a4a25bb elementor-widget elementor-widget-image\" data-id=\"a4a25bb\" data-element_type=\"widget\" data-e-type=\"widget\" data-widget_type=\"image.default\">\n\t\t\t\t\t\t\t\t\t\t\t\t\t\t\t<img decoding=\"async\" width=\"682\" height=\"1024\" src=\"https:\/\/dervagenbond.de\/wp-content\/uploads\/2026\/03\/WhatsApp-Image-2026-03-19-at-21.40.54-682x1024.jpeg\" class=\"attachment-large size-large wp-image-367\" alt=\"\" srcset=\"https:\/\/dervagenbond.de\/wp-content\/uploads\/2026\/03\/WhatsApp-Image-2026-03-19-at-21.40.54-682x1024.jpeg 682w, https:\/\/dervagenbond.de\/wp-content\/uploads\/2026\/03\/WhatsApp-Image-2026-03-19-at-21.40.54-200x300.jpeg 200w, https:\/\/dervagenbond.de\/wp-content\/uploads\/2026\/03\/WhatsApp-Image-2026-03-19-at-21.40.54-768x1154.jpeg 768w, https:\/\/dervagenbond.de\/wp-content\/uploads\/2026\/03\/WhatsApp-Image-2026-03-19-at-21.40.54-1022x1536.jpeg 1022w, https:\/\/dervagenbond.de\/wp-content\/uploads\/2026\/03\/WhatsApp-Image-2026-03-19-at-21.40.54.jpeg 1242w\" sizes=\"(max-width: 682px) 100vw, 682px\" \/>\t\t\t\t\t\t\t\t\t\t\t\t\t\t\t<\/div>\n\t\t\t\t<\/div>\n\t\t\t\t\t<\/div>\n\t\t\t\t<\/div>\n\t\t<div class=\"elementor-element elementor-element-d1f132e e-flex e-con-boxed e-con e-parent\" data-id=\"d1f132e\" data-element_type=\"container\" data-e-type=\"container\">\n\t\t\t\t\t<div class=\"e-con-inner\">\n\t\t<div class=\"elementor-element elementor-element-5eed045 e-con-full e-flex e-con e-child\" data-id=\"5eed045\" data-element_type=\"container\" data-e-type=\"container\">\n\t\t\t\t<div class=\"elementor-element elementor-element-c473de4 elementor-widget elementor-widget-text-editor\" data-id=\"c473de4\" data-element_type=\"widget\" data-e-type=\"widget\" data-widget_type=\"text-editor.default\">\n\t\t\t\t\t\t\t\t\t<p><strong>Koordinaten<\/strong><br \/>51\u00b032&#8217;14.2&#8243;N 8\u00b054&#8217;12.5&#8243;E<br \/><br \/>Blankenrode liegt in der s\u00fcdlichen Egge, im Quellgebiet des Altenautals. Erstmals urkundlich erw\u00e4hnt wurde im Jahr 836 n. Chr. der Ort Snevede, \u201ean den Quellen der Altenau gelegen\u201c.<br \/><br \/>Um 1250 n. Chr. gr\u00fcndete der F\u00fcrstbischof von Paderborn die Burgstadt Blankenrode auf einem Bergkopf der Egge als Grenzfestung gegen den Grafen von Waldeck.<br data-start=\"436\" data-end=\"439\" \/>In der sogenannten \u201eBengeler Fehde\u201c wurde die Stadt um 1390 zerst\u00f6rt. Etwa 1,5 km \u00f6stlich des heutigen Ortes lag die mittelalterliche Stadt Blankenrode.<\/p>\t\t\t\t\t\t\t\t<\/div>\n\t\t\t\t<\/div>\n\t\t<div class=\"elementor-element elementor-element-e4d1059 e-con-full e-flex e-con e-child\" data-id=\"e4d1059\" data-element_type=\"container\" data-e-type=\"container\">\n\t\t\t\t<div class=\"elementor-element elementor-element-8b53429 elementor-widget elementor-widget-text-editor\" data-id=\"8b53429\" data-element_type=\"widget\" data-e-type=\"widget\" data-widget_type=\"text-editor.default\">\n\t\t\t\t\t\t\t\t\t<p data-start=\"84\" data-end=\"346\">Sie m\u00f6chten einen entspannten Abend allein oder in geselliger Runde verbringen? Dann ist unser Grand Caf\u00e9 \u201eDer Vagenbond\u201c ein echter Geheimtipp! Unsere K\u00fcche serviert Ihnen holl\u00e4ndische und internationale Gerichte \u00e0 la carte sowie monatlich wechselnde Men\u00fcs.<\/p>\n<p data-start=\"348\" data-end=\"515\">Doch nicht nur f\u00fcr Ihr leibliches Wohl ist gesorgt: Neben unserer Speisekarte bieten wir Ihnen eine gut sortierte Getr\u00e4nkekarte und frisch gezapfte Biere vom Fass.<\/p>\n<p data-start=\"517\" data-end=\"725\">In den warmen Jahreszeiten l\u00e4dt unser Biergarten mit Blick \u00fcber das Altenautal zum Verweilen ein.<br data-start=\"616\" data-end=\"619\" \/>Unser Tipp: Genie\u00dfen Sie den Sonntag bei uns mit einem Kaffee und einer holl\u00e4ndischen Kuchenspezialit\u00e4t!<\/p>\t\t\t\t\t\t\t\t<\/div>\n\t\t\t\t<\/div>\n\t\t\t\t\t<\/div>\n\t\t\t\t<\/div>\n\t\t<div class=\"elementor-element elementor-element-fe24a70 e-flex e-con-boxed e-con e-parent\" data-id=\"fe24a70\" data-element_type=\"container\" data-e-type=\"container\">\n\t\t\t\t\t<div class=\"e-con-inner\">\n\t\t\t\t<div class=\"elementor-element elementor-element-25ff36b elementor-widget elementor-widget-spacer\" data-id=\"25ff36b\" data-element_type=\"widget\" data-e-type=\"widget\" data-widget_type=\"spacer.default\">\n\t\t\t\t\t\t\t<div class=\"elementor-spacer\">\n\t\t\t<div class=\"elementor-spacer-inner\"><\/div>\n\t\t<\/div>\n\t\t\t\t\t\t<\/div>\n\t\t\t\t\t<\/div>\n\t\t\t\t<\/div>\n\t\t<div class=\"elementor-element elementor-element-8833555 e-flex e-con-boxed e-con e-parent\" data-id=\"8833555\" data-element_type=\"container\" data-e-type=\"container\">\n\t\t\t\t\t<div class=\"e-con-inner\">\n\t\t<div class=\"elementor-element elementor-element-e51fbd3 e-con-full e-flex e-con e-child\" data-id=\"e51fbd3\" data-element_type=\"container\" data-e-type=\"container\">\n\t\t\t\t<div class=\"elementor-element elementor-element-abb9486 elementor-widget elementor-widget-text-editor\" data-id=\"abb9486\" data-element_type=\"widget\" data-e-type=\"widget\" data-widget_type=\"text-editor.default\">\n\t\t\t\t\t\t\t\t\t<h5><\/h5>\n<p data-start=\"66\" data-end=\"84\"><strong data-start=\"66\" data-end=\"84\">\u00d6ffnungszeiten<\/strong><\/p>\n<p data-start=\"86\" data-end=\"237\"><strong data-start=\"86\" data-end=\"132\">April bis 1. November: t\u00e4glich ge\u00f6ffnet<\/strong><br data-start=\"132\" data-end=\"135\" \/><strong data-start=\"135\" data-end=\"145\">K\u00fcche:<\/strong> 16:00 \u2013 21:00 Uhr<br data-start=\"163\" data-end=\"166\" \/><strong data-start=\"166\" data-end=\"203\">Samstag, Sonntag &amp; an Feiertagen:<\/strong> durchgehend von 11:00 \u2013 21:00 Uhr<\/p>\n<p data-start=\"239\" data-end=\"336\"><strong data-start=\"239\" data-end=\"253\">Barzeiten:<\/strong><br data-start=\"253\" data-end=\"256\" \/>Sonntag bis Donnerstag: 16:00 \u2013 23:00 Uhr<br data-start=\"297\" data-end=\"300\" \/>Freitag &amp; Samstag: 16:00 \u2013 01:00 Uhr<\/p>\n<p data-start=\"338\" data-end=\"503\"><strong data-start=\"338\" data-end=\"407\">Ruhetage (nur au\u00dferhalb der Saison vom 1. November bis 31. M\u00e4rz):<\/strong><br data-start=\"407\" data-end=\"410\" \/>Montag &amp; Dienstag geschlossen (au\u00dfer an Feiertagen, dann gelten die regul\u00e4ren \u00d6ffnungszeiten)<\/p>\n<p>\u00a0<\/p>\n<h5><\/h5>\t\t\t\t\t\t\t\t<\/div>\n\t\t\t\t<\/div>\n\t\t<div class=\"elementor-element elementor-element-0884e59 e-con-full e-flex e-con e-child\" data-id=\"0884e59\" data-element_type=\"container\" data-e-type=\"container\">\n\t\t\t\t<div class=\"elementor-element elementor-element-2c85e71 elementor-widget elementor-widget-video\" data-id=\"2c85e71\" data-element_type=\"widget\" data-e-type=\"widget\" data-settings=\"{&quot;video_type&quot;:&quot;hosted&quot;,&quot;controls&quot;:&quot;yes&quot;}\" data-widget_type=\"video.default\">\n\t\t\t\t\t\t\t<div class=\"e-hosted-video elementor-wrapper elementor-open-inline\">\n\t\t\t\t\t<video class=\"elementor-video\" src=\"https:\/\/dervagenbond.de\/wp-content\/uploads\/2025\/07\/WhatsApp-Video-2025-07-17-at-12.28.19.mp4\" controls=\"\" preload=\"metadata\" controlsList=\"nodownload\"><\/video>\n\t\t\t\t<\/div>\n\t\t\t\t\t\t<\/div>\n\t\t\t\t<\/div>\n\t\t\t\t\t<\/div>\n\t\t\t\t<\/div>\n\t\t\t\t<\/div>\n\t\t","protected":false},"excerpt":{"rendered":"<p>Willkommen! Wir freuen uns, Sie als Gast in unserem Hause auf eine kulinarische Reise durch die traditionelle deutsche und holl\u00e4ndische K\u00fcche sowie in die koloniale indonesische Kochkunst begleiten zu d\u00fcrfen. Unser Anspruch an die Qualit\u00e4t unserer Speisen ist hoch. So verwenden wir nach M\u00f6glichkeit ausschlie\u00dflich frische, saisonale Gem\u00fcse und Salate. Unser Fleisch beziehen wir nur [&hellip;]<\/p>\n","protected":false},"author":1,"featured_media":0,"parent":0,"menu_order":0,"comment_status":"closed","ping_status":"closed","template":"","meta":{"footnotes":""},"class_list":["post-73","page","type-page","status-publish","hentry"],"blocksy_meta":[],"_links":{"self":[{"href":"https:\/\/dervagenbond.de\/index.php\/wp-json\/wp\/v2\/pages\/73","targetHints":{"allow":["GET"]}}],"collection":[{"href":"https:\/\/dervagenbond.de\/index.php\/wp-json\/wp\/v2\/pages"}],"about":[{"href":"https:\/\/dervagenbond.de\/index.php\/wp-json\/wp\/v2\/types\/page"}],"author":[{"embeddable":true,"href":"https:\/\/dervagenbond.de\/index.php\/wp-json\/wp\/v2\/users\/1"}],"replies":[{"embeddable":true,"href":"https:\/\/dervagenbond.de\/index.php\/wp-json\/wp\/v2\/comments?post=73"}],"version-history":[{"count":100,"href":"https:\/\/dervagenbond.de\/index.php\/wp-json\/wp\/v2\/pages\/73\/revisions"}],"predecessor-version":[{"id":373,"href":"https:\/\/dervagenbond.de\/index.php\/wp-json\/wp\/v2\/pages\/73\/revisions\/373"}],"wp:attachment":[{"href":"https:\/\/dervagenbond.de\/index.php\/wp-json\/wp\/v2\/media?parent=73"}],"curies":[{"name":"wp","href":"https:\/\/api.w.org\/{rel}","templated":true}]}}